{"id":92,"date":"2022-05-26T14:45:28","date_gmt":"2022-05-26T11:45:28","guid":{"rendered":"https:\/\/www.akucarnakliyat.com\/?page_id=92"},"modified":"2022-06-13T14:41:04","modified_gmt":"2022-06-13T11:41:04","slug":"iletisim","status":"publish","type":"page","link":"https:\/\/www.akucarnakliyat.com\/en\/iletisim\/","title":{"rendered":"Contact"},"content":{"rendered":"\t\t<div data-elementor-type=\"wp-page\" data-elementor-id=\"92\" class=\"elementor elementor-92\">\n\t\t\t\t\t\t\t\t\t<section class=\"elementor-section elementor-top-section elementor-element elementor-element-d35a6b4 elementor-section-boxed elementor-section-height-default elementor-section-height-default\" data-id=\"d35a6b4\" data-element_type=\"section\">\n\t\t\t\t\t\t<div class=\"elementor-container elementor-column-gap-default\">\n\t\t\t\t\t<div class=\"elementor-column elementor-col-33 elementor-top-column elementor-element elementor-element-25725de\" data-id=\"25725de\" data-element_type=\"column\">\n\t\t\t<div class=\"elementor-widget-wrap elementor-element-populated\">\n\t\t\t\t\t\t\t\t<div class=\"elementor-element elementor-element-f02c9bb elementor-widget__width-inherit elementor-widget elementor-widget-sidebar\" data-id=\"f02c9bb\" data-element_type=\"widget\" data-widget_type=\"sidebar.default\">\n\t\t\t\t<div class=\"elementor-widget-container\">\n\t\t\t<aside id=\"nav_menu-4\" class=\"widget widget_nav_menu\"><div class=\"menu-footer-iletisim-container\"><ul id=\"menu-footer-iletisim\" class=\"menu\"><li id=\"menu-item-601\" class=\"menu-item menu-item-type-custom menu-item-object-custom menu-item-601\"><a target=\"_blank\" href=\"https:\/\/www.google.com\/maps\/dir\/\/Antakya,+Aku%C3%A7ar+Ulus.Ta%C5%9F.Tic.Ltd.%C5%9Eti.,+31060+Antakya%2FHatay\/@36.218708,36.1616918,15z\/data=!4m16!1m6!3m5!1s0x0:0x5a5e8157ccbd1a6e!2zQWt1w6dhciBVbHVzLlRhxZ8uVGljLkx0ZC7FnnRpLg!8m2!3d36.218708!4d36.1616918!4m8!1m0!1m5!1m1!1s0x1525c22fc0273851:0x5a5e8157ccbd1a6e!2m2!1d36.1616918!2d36.218708!3e3\"><i class=\"fa fa-map-marker\"><\/i> General \u015e\u00fckr\u00fc Kanatl\u0131 Mah. Atat\u00fcrk Cad. Ba\u015fak Apt.No:128\/17 ANTAKYA\/HATAY<\/a><\/li>\n<li id=\"menu-item-602\" class=\"menu-item menu-item-type-custom menu-item-object-custom menu-item-602\"><a target=\"_blank\" href=\"tel:03262251301\"><i class=\"fa fa-phone\"><\/i> +903262251301<\/a><\/li>\n<li id=\"menu-item-607\" class=\"menu-item menu-item-type-custom menu-item-object-custom menu-item-607\"><a target=\"_blank\" href=\"tel:05064798382\"><i class=\"fa fa-mobile\"><\/i>  +905064798382<\/a><\/li>\n<li id=\"menu-item-606\" class=\"menu-item menu-item-type-custom menu-item-object-custom menu-item-606\"><a target=\"_blank\" href=\"#\"><i class=\"fa fa-fax\"><\/i> +903262251305<\/a><\/li>\n<li id=\"menu-item-604\" class=\"menu-item menu-item-type-custom menu-item-object-custom menu-item-604\"><a target=\"_blank\" href=\"mailto:info@akucarnakliyat.com\"><i class=\"fa fa-envelope\"><\/i> info@akucarnakliyat.com<\/a><\/li>\n<li id=\"menu-item-605\" class=\"menu-item menu-item-type-custom menu-item-object-custom menu-item-605\"><a target=\"_blank\" href=\"http:\/\/i%20class=fa%20fa-envelope\/i\"><i class=\"fa fa-instagram\"><\/i> @akucarnakliyat<\/a><\/li>\n<\/ul><\/div><\/aside>\t\t<\/div>\n\t\t\t\t<\/div>\n\t\t\t\t<div class=\"elementor-element elementor-element-b397c2c elementor-widget elementor-widget-google_maps\" data-id=\"b397c2c\" data-element_type=\"widget\" data-widget_type=\"google_maps.default\">\n\t\t\t\t<div class=\"elementor-widget-container\">\n\t\t\t<style>\/*! elementor - v3.6.6 - 08-06-2022 *\/\n.elementor-widget-google_maps .elementor-widget-container{overflow:hidden}.elementor-widget-google_maps iframe{height:300px}<\/style>\t\t<div class=\"elementor-custom-embed\">\n\t\t\t<iframe frameborder=\"0\" scrolling=\"no\" marginheight=\"0\" marginwidth=\"0\"\n\t\t\t\t\tsrc=\"https:\/\/maps.google.com\/maps?q=Antakya%2C%20Aku%C3%A7ar%20Ulus.Ta%C5%9F.Tic.Ltd.%C5%9Eti.%2C%2031060%20Antakya%2FHatay&#038;t=m&#038;z=10&#038;output=embed&#038;iwloc=near\"\n\t\t\t\t\ttitle=\"Antakya, Aku\u00e7ar Ulus.Ta\u015f.Tic.Ltd.\u015eti., 31060 Antakya\/Hatay\"\n\t\t\t\t\taria-label=\"Antakya, Aku\u00e7ar Ulus.Ta\u015f.Tic.Ltd.\u015eti., 31060 Antakya\/Hatay\"\n\t\t\t><\/iframe>\n\t\t<\/div>\n\t\t\t\t<\/div>\n\t\t\t\t<\/div>\n\t\t\t\t\t<\/div>\n\t\t<\/div>\n\t\t\t\t<div class=\"elementor-column elementor-col-66 elementor-top-column elementor-element elementor-element-599ec15\" data-id=\"599ec15\" data-element_type=\"column\">\n\t\t\t<div class=\"elementor-widget-wrap elementor-element-populated\">\n\t\t\t\t\t\t\t\t<div class=\"elementor-element elementor-element-bd6b000 elementor-widget elementor-widget-formidable\" data-id=\"bd6b000\" data-element_type=\"widget\" data-widget_type=\"formidable.default\">\n\t\t\t\t<div class=\"elementor-widget-container\">\n\t\t\t<div class=\"frm_forms  with_frm_style frm_style_formidable-style\" id=\"frm_form_1_container\" ><form enctype=\"multipart\/form-data\" method=\"post\" class=\"frm-show-form \" id=\"form_contact-form\"  ><div class=\"frm_form_fields \"><fieldset><legend class=\"frm_screen_reader\">\u0130leti\u015fim Formu<\/legend><div class=\"frm_fields_container\"><input type=\"hidden\" name=\"frm_action\" value=\"create\" \/><input type=\"hidden\" name=\"form_id\" value=\"1\" \/><input type=\"hidden\" name=\"frm_hide_fields_1\" id=\"frm_hide_fields_1\" value=\"\" \/><input type=\"hidden\" name=\"form_key\" value=\"contact-form\" \/><input type=\"hidden\" name=\"item_meta[0]\" value=\"\" \/><input type=\"hidden\" id=\"frm_submit_entry_1\" name=\"frm_submit_entry_1\" value=\"fded8d238e\" \/><input type=\"hidden\" name=\"_wp_http_referer\" value=\"\/en\/wp-json\/wp\/v2\/pages\/92\" \/><div id=\"frm_field_1_container\" class=\"frm_form_field form-field  frm_required_field frm_top_container frm_full\"><label for=\"field_qh4icy\" id=\"field_qh4icy_label\" class=\"frm_primary_label\">Name Surname<span class=\"frm_required\" aria-hidden=\"true\">*<\/span><\/label><input type=\"text\" id=\"field_qh4icy\" name=\"item_meta[1]\" value=\"\"  data-reqmsg=\"This field cannot be blank.\" aria-required=\"true\" data-invmsg=\"Name is invalid\" aria-invalid=\"false\"  \/><\/div><div id=\"frm_field_3_container\" class=\"frm_form_field form-field  frm_required_field frm_top_container frm_full\"><label for=\"field_29yf4d\" id=\"field_29yf4d_label\" class=\"frm_primary_label\">Email<span class=\"frm_required\" aria-hidden=\"true\">*<\/span><\/label><input type=\"email\" id=\"field_29yf4d\" name=\"item_meta[3]\" value=\"\"  data-reqmsg=\"This field cannot be blank.\" aria-required=\"true\" data-invmsg=\"Please enter a valid email address\" aria-invalid=\"false\"  \/><\/div><div id=\"frm_field_6_container\" class=\"frm_form_field form-field  frm_required_field frm_top_container frm_full\"><label for=\"field_xpnxn\" id=\"field_xpnxn_label\" class=\"frm_primary_label\">Phone<span class=\"frm_required\" aria-hidden=\"true\">*<\/span><\/label><input type=\"tel\" id=\"field_xpnxn\" name=\"item_meta[6]\" value=\"\"  data-reqmsg=\"This field cannot be blank.\" aria-required=\"true\" data-invmsg=\"Phone is invalid\" aria-invalid=\"false\" pattern=\"((\\+\\d{1,3}(-|.| )?\\(?\\d\\)?(-| |.)?\\d{1,5})|(\\(?\\d{2,6}\\)?))(-|.| )?(\\d{3,4})(-|.| )?(\\d{4})(( x| ext)\\d{1,5}){0,1}$\"  \/><\/div><div id=\"frm_field_4_container\" class=\"frm_form_field form-field  frm_top_container frm_full\"><label for=\"field_e6lis6\" id=\"field_e6lis6_label\" class=\"frm_primary_label\">Subject<span class=\"frm_required\" aria-hidden=\"true\"><\/span><\/label><input type=\"text\" id=\"field_e6lis6\" name=\"item_meta[4]\" value=\"\"  data-invmsg=\"Subject is invalid\" aria-invalid=\"false\"  \/><\/div><div id=\"frm_field_5_container\" class=\"frm_form_field form-field  frm_required_field frm_top_container frm_full\"><label for=\"field_9jv0r1\" id=\"field_9jv0r1_label\" class=\"frm_primary_label\"> Your Message<span class=\"frm_required\" aria-hidden=\"true\">*<\/span><\/label><textarea name=\"item_meta[5]\" id=\"field_9jv0r1\" rows=\"5\"  data-reqmsg=\"This field cannot be blank.\" aria-required=\"true\" data-invmsg=\" Your Message is invalid\" aria-invalid=\"false\"  ><\/textarea><\/div><input type=\"hidden\" name=\"item_key\" value=\"\" \/><div class=\"frm_verify\" aria-hidden=\"true\"><label for=\"frm_email_1\">If you are human, leave this field blank.<\/label><input type=\"text\" class=\"frm_verify\" id=\"frm_email_1\" name=\"frm_verify\" value=\"\"  \/><\/div><div class=\"frm_submit\"><button class=\"frm_button_submit\" type=\"submit\"  >SEND<\/button><\/div><\/div><\/fieldset><\/div><\/form><\/div>\t\t<\/div>\n\t\t\t\t<\/div>\n\t\t\t\t\t<\/div>\n\t\t<\/div>\n\t\t\t\t\t\t\t<\/div>\n\t\t<\/section>\n\t\t\t\t\t\t\t<\/div>\n\t\t","protected":false},"excerpt":{"rendered":"<p>\u0130leti\u015fim Formu Ad Soyad*Email*Telefon*KonuMesaj\u0131n\u0131z*If you are human, leave this field blank.G\u00d6NDER<\/p>\n","protected":false},"author":1,"featured_media":0,"parent":0,"menu_order":0,"comment_status":"closed","ping_status":"closed","template":"","meta":{"footnotes":""},"class_list":["post-92","page","type-page","status-publish","hentry"],"yoast_head":"<!-- This site is optimized with the Yoast SEO plugin v19.5.1 - https:\/\/yoast.com\/wordpress\/plugins\/seo\/ -->\n<title>Contact - AKU\u00c7AR NAKL\u0130YAT<\/title>\n<meta name=\"robots\" content=\"index, follow, max-snippet:-1, max-image-preview:large, max-video-preview:-1\" \/>\n<link rel=\"canonical\" href=\"https:\/\/www.akucarnakliyat.com\/en\/iletisim\/\" \/>\n<meta property=\"og:locale\" content=\"tr_TR\" \/>\n<meta property=\"og:type\" content=\"article\" \/>\n<meta property=\"og:title\" content=\"Contact - AKU\u00c7AR NAKL\u0130YAT\" \/>\n<meta property=\"og:description\" content=\"\u0130leti\u015fim Formu Ad Soyad*Email*Telefon*KonuMesaj\u0131n\u0131z*If you are human, leave this field blank.G\u00d6NDER\" \/>\n<meta property=\"og:url\" content=\"https:\/\/www.akucarnakliyat.com\/en\/iletisim\/\" \/>\n<meta property=\"og:site_name\" content=\"AKU\u00c7AR NAKL\u0130YAT\" \/>\n<meta property=\"article:modified_time\" content=\"2022-06-13T11:41:04+00:00\" \/>\n<meta name=\"twitter:card\" content=\"summary_large_image\" \/>\n<script type=\"application\/ld+json\" class=\"yoast-schema-graph\">{\"@context\":\"https:\/\/schema.org\",\"@graph\":[{\"@type\":\"WebPage\",\"@id\":\"https:\/\/www.akucarnakliyat.com\/en\/iletisim\/\",\"url\":\"https:\/\/www.akucarnakliyat.com\/en\/iletisim\/\",\"name\":\"Contact - AKU\u00c7AR NAKL\u0130YAT\",\"isPartOf\":{\"@id\":\"https:\/\/www.akucarnakliyat.com\/en\/#website\"},\"datePublished\":\"2022-05-26T11:45:28+00:00\",\"dateModified\":\"2022-06-13T11:41:04+00:00\",\"breadcrumb\":{\"@id\":\"https:\/\/www.akucarnakliyat.com\/en\/iletisim\/#breadcrumb\"},\"inLanguage\":\"tr\",\"potentialAction\":[{\"@type\":\"ReadAction\",\"target\":[\"https:\/\/www.akucarnakliyat.com\/en\/iletisim\/\"]}]},{\"@type\":\"BreadcrumbList\",\"@id\":\"https:\/\/www.akucarnakliyat.com\/en\/iletisim\/#breadcrumb\",\"itemListElement\":[{\"@type\":\"ListItem\",\"position\":1,\"name\":\"Anasayfa\",\"item\":\"https:\/\/www.akucarnakliyat.com\/en\/\"},{\"@type\":\"ListItem\",\"position\":2,\"name\":\"Contact\"}]},{\"@type\":\"WebSite\",\"@id\":\"https:\/\/www.akucarnakliyat.com\/en\/#website\",\"url\":\"https:\/\/www.akucarnakliyat.com\/en\/\",\"name\":\"AKU\u00c7AR NAKL\u0130YAT\",\"description\":\"Ak U\u00e7ar Nakliyat - 1985\",\"publisher\":{\"@id\":\"https:\/\/www.akucarnakliyat.com\/en\/#organization\"},\"potentialAction\":[{\"@type\":\"SearchAction\",\"target\":{\"@type\":\"EntryPoint\",\"urlTemplate\":\"https:\/\/www.akucarnakliyat.com\/en\/?s={search_term_string}\"},\"query-input\":\"required name=search_term_string\"}],\"inLanguage\":\"tr\"},{\"@type\":\"Organization\",\"@id\":\"https:\/\/www.akucarnakliyat.com\/en\/#organization\",\"name\":\"AKU\u00c7AR NAKL\u0130YAT\",\"url\":\"https:\/\/www.akucarnakliyat.com\/en\/\",\"sameAs\":[],\"logo\":{\"@type\":\"ImageObject\",\"inLanguage\":\"tr\",\"@id\":\"https:\/\/www.akucarnakliyat.com\/en\/#\/schema\/logo\/image\/\",\"url\":\"https:\/\/www.akucarnakliyat.com\/en\/wp-content\/uploads\/2022\/06\/cropped-logo-akucar-nakliyat-white.png\",\"contentUrl\":\"https:\/\/www.akucarnakliyat.com\/en\/wp-content\/uploads\/2022\/06\/cropped-logo-akucar-nakliyat-white.png\",\"width\":183,\"height\":58,\"caption\":\"AKU\u00c7AR NAKL\u0130YAT\"},\"image\":{\"@id\":\"https:\/\/www.akucarnakliyat.com\/en\/#\/schema\/logo\/image\/\"}}]}<\/script>\n<!-- \/ Yoast SEO plugin. -->","yoast_head_json":{"title":"Contact - AKU\u00c7AR NAKL\u0130YAT","robots":{"index":"index","follow":"follow","max-snippet":"max-snippet:-1","max-image-preview":"max-image-preview:large","max-video-preview":"max-video-preview:-1"},"canonical":"https:\/\/www.akucarnakliyat.com\/en\/iletisim\/","og_locale":"tr_TR","og_type":"article","og_title":"Contact - AKU\u00c7AR NAKL\u0130YAT","og_description":"\u0130leti\u015fim Formu Ad Soyad*Email*Telefon*KonuMesaj\u0131n\u0131z*If you are human, leave this field blank.G\u00d6NDER","og_url":"https:\/\/www.akucarnakliyat.com\/en\/iletisim\/","og_site_name":"AKU\u00c7AR NAKL\u0130YAT","article_modified_time":"2022-06-13T11:41:04+00:00","twitter_card":"summary_large_image","schema":{"@context":"https:\/\/schema.org","@graph":[{"@type":"WebPage","@id":"https:\/\/www.akucarnakliyat.com\/en\/iletisim\/","url":"https:\/\/www.akucarnakliyat.com\/en\/iletisim\/","name":"Contact - AKU\u00c7AR NAKL\u0130YAT","isPartOf":{"@id":"https:\/\/www.akucarnakliyat.com\/en\/#website"},"datePublished":"2022-05-26T11:45:28+00:00","dateModified":"2022-06-13T11:41:04+00:00","breadcrumb":{"@id":"https:\/\/www.akucarnakliyat.com\/en\/iletisim\/#breadcrumb"},"inLanguage":"tr","potentialAction":[{"@type":"ReadAction","target":["https:\/\/www.akucarnakliyat.com\/en\/iletisim\/"]}]},{"@type":"BreadcrumbList","@id":"https:\/\/www.akucarnakliyat.com\/en\/iletisim\/#breadcrumb","itemListElement":[{"@type":"ListItem","position":1,"name":"Anasayfa","item":"https:\/\/www.akucarnakliyat.com\/en\/"},{"@type":"ListItem","position":2,"name":"Contact"}]},{"@type":"WebSite","@id":"https:\/\/www.akucarnakliyat.com\/en\/#website","url":"https:\/\/www.akucarnakliyat.com\/en\/","name":"AKU\u00c7AR NAKL\u0130YAT","description":"Ak U\u00e7ar Nakliyat - 1985","publisher":{"@id":"https:\/\/www.akucarnakliyat.com\/en\/#organization"},"potentialAction":[{"@type":"SearchAction","target":{"@type":"EntryPoint","urlTemplate":"https:\/\/www.akucarnakliyat.com\/en\/?s={search_term_string}"},"query-input":"required name=search_term_string"}],"inLanguage":"tr"},{"@type":"Organization","@id":"https:\/\/www.akucarnakliyat.com\/en\/#organization","name":"AKU\u00c7AR NAKL\u0130YAT","url":"https:\/\/www.akucarnakliyat.com\/en\/","sameAs":[],"logo":{"@type":"ImageObject","inLanguage":"tr","@id":"https:\/\/www.akucarnakliyat.com\/en\/#\/schema\/logo\/image\/","url":"https:\/\/www.akucarnakliyat.com\/en\/wp-content\/uploads\/2022\/06\/cropped-logo-akucar-nakliyat-white.png","contentUrl":"https:\/\/www.akucarnakliyat.com\/en\/wp-content\/uploads\/2022\/06\/cropped-logo-akucar-nakliyat-white.png","width":183,"height":58,"caption":"AKU\u00c7AR NAKL\u0130YAT"},"image":{"@id":"https:\/\/www.akucarnakliyat.com\/en\/#\/schema\/logo\/image\/"}}]}},"_links":{"self":[{"href":"https:\/\/www.akucarnakliyat.com\/en\/wp-json\/wp\/v2\/pages\/92","targetHints":{"allow":["GET"]}}],"collection":[{"href":"https:\/\/www.akucarnakliyat.com\/en\/wp-json\/wp\/v2\/pages"}],"about":[{"href":"https:\/\/www.akucarnakliyat.com\/en\/wp-json\/wp\/v2\/types\/page"}],"author":[{"embeddable":true,"href":"https:\/\/www.akucarnakliyat.com\/en\/wp-json\/wp\/v2\/users\/1"}],"replies":[{"embeddable":true,"href":"https:\/\/www.akucarnakliyat.com\/en\/wp-json\/wp\/v2\/comments?post=92"}],"version-history":[{"count":11,"href":"https:\/\/www.akucarnakliyat.com\/en\/wp-json\/wp\/v2\/pages\/92\/revisions"}],"predecessor-version":[{"id":770,"href":"https:\/\/www.akucarnakliyat.com\/en\/wp-json\/wp\/v2\/pages\/92\/revisions\/770"}],"wp:attachment":[{"href":"https:\/\/www.akucarnakliyat.com\/en\/wp-json\/wp\/v2\/media?parent=92"}],"curies":[{"name":"wp","href":"https:\/\/api.w.org\/{rel}","templated":true}]}}