{"id":90,"date":"2022-05-26T14:45:14","date_gmt":"2022-05-26T11:45:14","guid":{"rendered":"https:\/\/www.akucarnakliyat.com\/?page_id=90"},"modified":"2022-06-13T14:40:37","modified_gmt":"2022-06-13T11:40:37","slug":"haberler","status":"publish","type":"page","link":"https:\/\/www.akucarnakliyat.com\/en\/haberler\/","title":{"rendered":"News"},"content":{"rendered":"\t\t<div data-elementor-type=\"wp-page\" data-elementor-id=\"90\" class=\"elementor elementor-90\">\n\t\t\t\t\t\t\t\t\t<section class=\"elementor-section elementor-top-section elementor-element elementor-element-12bcdee elementor-section-boxed elementor-section-height-default elementor-section-height-default\" data-id=\"12bcdee\" data-element_type=\"section\">\n\t\t\t\t\t\t<div class=\"elementor-container elementor-column-gap-default\">\n\t\t\t\t\t<div class=\"elementor-column elementor-col-100 elementor-top-column elementor-element elementor-element-209bd56\" data-id=\"209bd56\" data-element_type=\"column\">\n\t\t\t<div class=\"elementor-widget-wrap elementor-element-populated\">\n\t\t\t\t\t\t\t\t<div class=\"elementor-element elementor-element-be6bc21 elementor-widget elementor-widget-text-editor\" data-id=\"be6bc21\" data-element_type=\"widget\" data-widget_type=\"text-editor.default\">\n\t\t\t\t<div class=\"elementor-widget-container\">\n\t\t\t<style>\/*! elementor - v3.6.6 - 08-06-2022 *\/\n.elementor-widget-text-editor.elementor-drop-cap-view-stacked .elementor-drop-cap{background-color:#818a91;color:#fff}.elementor-widget-text-editor.elementor-drop-cap-view-framed .elementor-drop-cap{color:#818a91;border:3px solid;background-color:transparent}.elementor-widget-text-editor:not(.elementor-drop-cap-view-default) .elementor-drop-cap{margin-top:8px}.elementor-widget-text-editor:not(.elementor-drop-cap-view-default) .elementor-drop-cap-letter{width:1em;height:1em}.elementor-widget-text-editor .elementor-drop-cap{float:left;text-align:center;line-height:1;font-size:50px}.elementor-widget-text-editor .elementor-drop-cap-letter{display:inline-block}<\/style>\t\t\t\t<p>Content is being prepared for our news page.<\/p>\t\t\t\t\t\t<\/div>\n\t\t\t\t<\/div>\n\t\t\t\t\t<\/div>\n\t\t<\/div>\n\t\t\t\t\t\t\t<\/div>\n\t\t<\/section>\n\t\t\t\t\t\t\t<\/div>\n\t\t","protected":false},"excerpt":{"rendered":"<p>Content is being prepared for our news page.<\/p>\n","protected":false},"author":1,"featured_media":0,"parent":0,"menu_order":0,"comment_status":"closed","ping_status":"closed","template":"","meta":{"footnotes":""},"class_list":["post-90","page","type-page","status-publish","hentry"],"yoast_head":"<!-- This site is optimized with the Yoast SEO plugin v19.5.1 - https:\/\/yoast.com\/wordpress\/plugins\/seo\/ -->\n<title>News - AKU\u00c7AR NAKL\u0130YAT<\/title>\n<meta name=\"robots\" content=\"index, follow, max-snippet:-1, max-image-preview:large, max-video-preview:-1\" \/>\n<link rel=\"canonical\" href=\"https:\/\/www.akucarnakliyat.com\/en\/haberler\/\" \/>\n<meta property=\"og:locale\" content=\"tr_TR\" \/>\n<meta property=\"og:type\" content=\"article\" \/>\n<meta property=\"og:title\" content=\"News - AKU\u00c7AR NAKL\u0130YAT\" \/>\n<meta property=\"og:description\" content=\"Content is being prepared for our news page.\" \/>\n<meta property=\"og:url\" content=\"https:\/\/www.akucarnakliyat.com\/en\/haberler\/\" \/>\n<meta property=\"og:site_name\" content=\"AKU\u00c7AR NAKL\u0130YAT\" \/>\n<meta property=\"article:modified_time\" content=\"2022-06-13T11:40:37+00:00\" \/>\n<meta name=\"twitter:card\" content=\"summary_large_image\" \/>\n<script type=\"application\/ld+json\" class=\"yoast-schema-graph\">{\"@context\":\"https:\/\/schema.org\",\"@graph\":[{\"@type\":\"WebPage\",\"@id\":\"https:\/\/www.akucarnakliyat.com\/en\/haberler\/\",\"url\":\"https:\/\/www.akucarnakliyat.com\/en\/haberler\/\",\"name\":\"News - AKU\u00c7AR NAKL\u0130YAT\",\"isPartOf\":{\"@id\":\"https:\/\/www.akucarnakliyat.com\/en\/#website\"},\"datePublished\":\"2022-05-26T11:45:14+00:00\",\"dateModified\":\"2022-06-13T11:40:37+00:00\",\"breadcrumb\":{\"@id\":\"https:\/\/www.akucarnakliyat.com\/en\/haberler\/#breadcrumb\"},\"inLanguage\":\"tr\",\"potentialAction\":[{\"@type\":\"ReadAction\",\"target\":[\"https:\/\/www.akucarnakliyat.com\/en\/haberler\/\"]}]},{\"@type\":\"BreadcrumbList\",\"@id\":\"https:\/\/www.akucarnakliyat.com\/en\/haberler\/#breadcrumb\",\"itemListElement\":[{\"@type\":\"ListItem\",\"position\":1,\"name\":\"Anasayfa\",\"item\":\"https:\/\/www.akucarnakliyat.com\/en\/\"},{\"@type\":\"ListItem\",\"position\":2,\"name\":\"News\"}]},{\"@type\":\"WebSite\",\"@id\":\"https:\/\/www.akucarnakliyat.com\/en\/#website\",\"url\":\"https:\/\/www.akucarnakliyat.com\/en\/\",\"name\":\"AKU\u00c7AR NAKL\u0130YAT\",\"description\":\"Ak U\u00e7ar Nakliyat - 1985\",\"publisher\":{\"@id\":\"https:\/\/www.akucarnakliyat.com\/en\/#organization\"},\"potentialAction\":[{\"@type\":\"SearchAction\",\"target\":{\"@type\":\"EntryPoint\",\"urlTemplate\":\"https:\/\/www.akucarnakliyat.com\/en\/?s={search_term_string}\"},\"query-input\":\"required name=search_term_string\"}],\"inLanguage\":\"tr\"},{\"@type\":\"Organization\",\"@id\":\"https:\/\/www.akucarnakliyat.com\/en\/#organization\",\"name\":\"AKU\u00c7AR NAKL\u0130YAT\",\"url\":\"https:\/\/www.akucarnakliyat.com\/en\/\",\"sameAs\":[],\"logo\":{\"@type\":\"ImageObject\",\"inLanguage\":\"tr\",\"@id\":\"https:\/\/www.akucarnakliyat.com\/en\/#\/schema\/logo\/image\/\",\"url\":\"https:\/\/www.akucarnakliyat.com\/en\/wp-content\/uploads\/2022\/06\/cropped-logo-akucar-nakliyat-white.png\",\"contentUrl\":\"https:\/\/www.akucarnakliyat.com\/en\/wp-content\/uploads\/2022\/06\/cropped-logo-akucar-nakliyat-white.png\",\"width\":183,\"height\":58,\"caption\":\"AKU\u00c7AR NAKL\u0130YAT\"},\"image\":{\"@id\":\"https:\/\/www.akucarnakliyat.com\/en\/#\/schema\/logo\/image\/\"}}]}<\/script>\n<!-- \/ Yoast SEO plugin. -->","yoast_head_json":{"title":"News - AKU\u00c7AR NAKL\u0130YAT","robots":{"index":"index","follow":"follow","max-snippet":"max-snippet:-1","max-image-preview":"max-image-preview:large","max-video-preview":"max-video-preview:-1"},"canonical":"https:\/\/www.akucarnakliyat.com\/en\/haberler\/","og_locale":"tr_TR","og_type":"article","og_title":"News - AKU\u00c7AR NAKL\u0130YAT","og_description":"Content is being prepared for our news page.","og_url":"https:\/\/www.akucarnakliyat.com\/en\/haberler\/","og_site_name":"AKU\u00c7AR NAKL\u0130YAT","article_modified_time":"2022-06-13T11:40:37+00:00","twitter_card":"summary_large_image","schema":{"@context":"https:\/\/schema.org","@graph":[{"@type":"WebPage","@id":"https:\/\/www.akucarnakliyat.com\/en\/haberler\/","url":"https:\/\/www.akucarnakliyat.com\/en\/haberler\/","name":"News - AKU\u00c7AR NAKL\u0130YAT","isPartOf":{"@id":"https:\/\/www.akucarnakliyat.com\/en\/#website"},"datePublished":"2022-05-26T11:45:14+00:00","dateModified":"2022-06-13T11:40:37+00:00","breadcrumb":{"@id":"https:\/\/www.akucarnakliyat.com\/en\/haberler\/#breadcrumb"},"inLanguage":"tr","potentialAction":[{"@type":"ReadAction","target":["https:\/\/www.akucarnakliyat.com\/en\/haberler\/"]}]},{"@type":"BreadcrumbList","@id":"https:\/\/www.akucarnakliyat.com\/en\/haberler\/#breadcrumb","itemListElement":[{"@type":"ListItem","position":1,"name":"Anasayfa","item":"https:\/\/www.akucarnakliyat.com\/en\/"},{"@type":"ListItem","position":2,"name":"News"}]},{"@type":"WebSite","@id":"https:\/\/www.akucarnakliyat.com\/en\/#website","url":"https:\/\/www.akucarnakliyat.com\/en\/","name":"AKU\u00c7AR NAKL\u0130YAT","description":"Ak U\u00e7ar Nakliyat - 1985","publisher":{"@id":"https:\/\/www.akucarnakliyat.com\/en\/#organization"},"potentialAction":[{"@type":"SearchAction","target":{"@type":"EntryPoint","urlTemplate":"https:\/\/www.akucarnakliyat.com\/en\/?s={search_term_string}"},"query-input":"required name=search_term_string"}],"inLanguage":"tr"},{"@type":"Organization","@id":"https:\/\/www.akucarnakliyat.com\/en\/#organization","name":"AKU\u00c7AR NAKL\u0130YAT","url":"https:\/\/www.akucarnakliyat.com\/en\/","sameAs":[],"logo":{"@type":"ImageObject","inLanguage":"tr","@id":"https:\/\/www.akucarnakliyat.com\/en\/#\/schema\/logo\/image\/","url":"https:\/\/www.akucarnakliyat.com\/en\/wp-content\/uploads\/2022\/06\/cropped-logo-akucar-nakliyat-white.png","contentUrl":"https:\/\/www.akucarnakliyat.com\/en\/wp-content\/uploads\/2022\/06\/cropped-logo-akucar-nakliyat-white.png","width":183,"height":58,"caption":"AKU\u00c7AR NAKL\u0130YAT"},"image":{"@id":"https:\/\/www.akucarnakliyat.com\/en\/#\/schema\/logo\/image\/"}}]}},"_links":{"self":[{"href":"https:\/\/www.akucarnakliyat.com\/en\/wp-json\/wp\/v2\/pages\/90","targetHints":{"allow":["GET"]}}],"collection":[{"href":"https:\/\/www.akucarnakliyat.com\/en\/wp-json\/wp\/v2\/pages"}],"about":[{"href":"https:\/\/www.akucarnakliyat.com\/en\/wp-json\/wp\/v2\/types\/page"}],"author":[{"embeddable":true,"href":"https:\/\/www.akucarnakliyat.com\/en\/wp-json\/wp\/v2\/users\/1"}],"replies":[{"embeddable":true,"href":"https:\/\/www.akucarnakliyat.com\/en\/wp-json\/wp\/v2\/comments?post=90"}],"version-history":[{"count":8,"href":"https:\/\/www.akucarnakliyat.com\/en\/wp-json\/wp\/v2\/pages\/90\/revisions"}],"predecessor-version":[{"id":769,"href":"https:\/\/www.akucarnakliyat.com\/en\/wp-json\/wp\/v2\/pages\/90\/revisions\/769"}],"wp:attachment":[{"href":"https:\/\/www.akucarnakliyat.com\/en\/wp-json\/wp\/v2\/media?parent=90"}],"curies":[{"name":"wp","href":"https:\/\/api.w.org\/{rel}","templated":true}]}}