{"id":78,"date":"2022-05-26T14:43:28","date_gmt":"2022-05-26T11:43:28","guid":{"rendered":"https:\/\/www.akucarnakliyat.com\/?page_id=78"},"modified":"2022-06-13T14:37:00","modified_gmt":"2022-06-13T11:37:00","slug":"lubnan-tasimacilik","status":"publish","type":"page","link":"https:\/\/www.akucarnakliyat.com\/en\/lubnan-tasimacilik\/","title":{"rendered":"Lebanon Transport"},"content":{"rendered":"\t\t<div data-elementor-type=\"wp-page\" data-elementor-id=\"78\" class=\"elementor elementor-78\">\n\t\t\t\t\t\t\t\t\t<section class=\"elementor-section elementor-top-section elementor-element elementor-element-2c8f4a9 elementor-section-boxed elementor-section-height-default elementor-section-height-default\" data-id=\"2c8f4a9\" data-element_type=\"section\">\n\t\t\t\t\t\t<div class=\"elementor-container elementor-column-gap-default\">\n\t\t\t\t\t<div class=\"elementor-column elementor-col-100 elementor-top-column elementor-element elementor-element-7b981bd\" data-id=\"7b981bd\" data-element_type=\"column\">\n\t\t\t<div class=\"elementor-widget-wrap elementor-element-populated\">\n\t\t\t\t\t\t\t\t<div class=\"elementor-element elementor-element-d5fc245 elementor-widget elementor-widget-text-editor\" data-id=\"d5fc245\" data-element_type=\"widget\" data-widget_type=\"text-editor.default\">\n\t\t\t\t<div class=\"elementor-widget-container\">\n\t\t\t<style>\/*! elementor - v3.6.6 - 08-06-2022 *\/\n.elementor-widget-text-editor.elementor-drop-cap-view-stacked .elementor-drop-cap{background-color:#818a91;color:#fff}.elementor-widget-text-editor.elementor-drop-cap-view-framed .elementor-drop-cap{color:#818a91;border:3px solid;background-color:transparent}.elementor-widget-text-editor:not(.elementor-drop-cap-view-default) .elementor-drop-cap{margin-top:8px}.elementor-widget-text-editor:not(.elementor-drop-cap-view-default) .elementor-drop-cap-letter{width:1em;height:1em}.elementor-widget-text-editor .elementor-drop-cap{float:left;text-align:center;line-height:1;font-size:50px}.elementor-widget-text-editor .elementor-drop-cap-letter{display:inline-block}<\/style>\t\t\t\t<p>Ak U\u00e7ar Transport, which makes an important contribution to the import and export sector by transportation, is one of the leading companies that makes transportation from all over Turkey to Lebanon with fully equipped modern vehicles.<\/p><p>On this route, it provides heavy transportation, project transportation, out-of-gauge cargo and lowbed services. Ak U\u00e7ar Nakliyat provides transportation services with awnings and refrigerated semi-trailers, with RORO ships serving between Mersin(Ta\u015fucu)-Lebanon(Tripoli) and Lebanon(Tripoli)- Mersin(Ta\u015fucu) two days a week, by land + sea.<\/p><p>With our fleet RORO ships;<\/p><ul><li>awning<\/li><li>frigo<\/li><li>Closed Safe<\/li><li>Tanker<\/li><li>silobas<\/li><li>It offers transportation services with vehicles that are special cargo transportations (out of gauge).<\/li><\/ul><p>In addition, passenger car transportation is also included in these services.<\/p>\t\t\t\t\t\t<\/div>\n\t\t\t\t<\/div>\n\t\t\t\t\t<\/div>\n\t\t<\/div>\n\t\t\t\t\t\t\t<\/div>\n\t\t<\/section>\n\t\t\t\t\t\t\t<\/div>\n\t\t","protected":false},"excerpt":{"rendered":"<p>Ak U\u00e7ar Transport, which makes an important contribution to the import and export sector by transportation, is one of the leading companies that makes transportation [&hellip;]<\/p>\n","protected":false},"author":1,"featured_media":0,"parent":0,"menu_order":0,"comment_status":"closed","ping_status":"closed","template":"","meta":{"footnotes":""},"class_list":["post-78","page","type-page","status-publish","hentry"],"yoast_head":"<!-- This site is optimized with the Yoast SEO plugin v19.5.1 - https:\/\/yoast.com\/wordpress\/plugins\/seo\/ -->\n<title>Lebanon Transport - AKU\u00c7AR NAKL\u0130YAT<\/title>\n<meta name=\"robots\" content=\"index, follow, max-snippet:-1, max-image-preview:large, max-video-preview:-1\" \/>\n<link rel=\"canonical\" href=\"https:\/\/www.akucarnakliyat.com\/en\/lubnan-tasimacilik\/\" \/>\n<meta property=\"og:locale\" content=\"tr_TR\" \/>\n<meta property=\"og:type\" content=\"article\" \/>\n<meta property=\"og:title\" content=\"Lebanon Transport - AKU\u00c7AR NAKL\u0130YAT\" \/>\n<meta property=\"og:description\" content=\"Ak U\u00e7ar Transport, which makes an important contribution to the import and export sector by transportation, is one of the leading companies that makes transportation [&hellip;]\" \/>\n<meta property=\"og:url\" content=\"https:\/\/www.akucarnakliyat.com\/en\/lubnan-tasimacilik\/\" \/>\n<meta property=\"og:site_name\" content=\"AKU\u00c7AR NAKL\u0130YAT\" \/>\n<meta property=\"article:modified_time\" content=\"2022-06-13T11:37:00+00:00\" \/>\n<meta name=\"twitter:card\" content=\"summary_large_image\" \/>\n<meta name=\"twitter:label1\" content=\"Tahmini okuma s\u00fcresi\" \/>\n\t<meta name=\"twitter:data1\" content=\"1 dakika\" \/>\n<script type=\"application\/ld+json\" class=\"yoast-schema-graph\">{\"@context\":\"https:\/\/schema.org\",\"@graph\":[{\"@type\":\"WebPage\",\"@id\":\"https:\/\/www.akucarnakliyat.com\/en\/lubnan-tasimacilik\/\",\"url\":\"https:\/\/www.akucarnakliyat.com\/en\/lubnan-tasimacilik\/\",\"name\":\"Lebanon Transport - AKU\u00c7AR NAKL\u0130YAT\",\"isPartOf\":{\"@id\":\"https:\/\/www.akucarnakliyat.com\/en\/#website\"},\"datePublished\":\"2022-05-26T11:43:28+00:00\",\"dateModified\":\"2022-06-13T11:37:00+00:00\",\"breadcrumb\":{\"@id\":\"https:\/\/www.akucarnakliyat.com\/en\/lubnan-tasimacilik\/#breadcrumb\"},\"inLanguage\":\"tr\",\"potentialAction\":[{\"@type\":\"ReadAction\",\"target\":[\"https:\/\/www.akucarnakliyat.com\/en\/lubnan-tasimacilik\/\"]}]},{\"@type\":\"BreadcrumbList\",\"@id\":\"https:\/\/www.akucarnakliyat.com\/en\/lubnan-tasimacilik\/#breadcrumb\",\"itemListElement\":[{\"@type\":\"ListItem\",\"position\":1,\"name\":\"Anasayfa\",\"item\":\"https:\/\/www.akucarnakliyat.com\/en\/\"},{\"@type\":\"ListItem\",\"position\":2,\"name\":\"Lebanon Transport\"}]},{\"@type\":\"WebSite\",\"@id\":\"https:\/\/www.akucarnakliyat.com\/en\/#website\",\"url\":\"https:\/\/www.akucarnakliyat.com\/en\/\",\"name\":\"AKU\u00c7AR NAKL\u0130YAT\",\"description\":\"Ak U\u00e7ar Nakliyat - 1985\",\"publisher\":{\"@id\":\"https:\/\/www.akucarnakliyat.com\/en\/#organization\"},\"potentialAction\":[{\"@type\":\"SearchAction\",\"target\":{\"@type\":\"EntryPoint\",\"urlTemplate\":\"https:\/\/www.akucarnakliyat.com\/en\/?s={search_term_string}\"},\"query-input\":\"required name=search_term_string\"}],\"inLanguage\":\"tr\"},{\"@type\":\"Organization\",\"@id\":\"https:\/\/www.akucarnakliyat.com\/en\/#organization\",\"name\":\"AKU\u00c7AR NAKL\u0130YAT\",\"url\":\"https:\/\/www.akucarnakliyat.com\/en\/\",\"sameAs\":[],\"logo\":{\"@type\":\"ImageObject\",\"inLanguage\":\"tr\",\"@id\":\"https:\/\/www.akucarnakliyat.com\/en\/#\/schema\/logo\/image\/\",\"url\":\"https:\/\/www.akucarnakliyat.com\/en\/wp-content\/uploads\/2022\/06\/cropped-logo-akucar-nakliyat-white.png\",\"contentUrl\":\"https:\/\/www.akucarnakliyat.com\/en\/wp-content\/uploads\/2022\/06\/cropped-logo-akucar-nakliyat-white.png\",\"width\":183,\"height\":58,\"caption\":\"AKU\u00c7AR NAKL\u0130YAT\"},\"image\":{\"@id\":\"https:\/\/www.akucarnakliyat.com\/en\/#\/schema\/logo\/image\/\"}}]}<\/script>\n<!-- \/ Yoast SEO plugin. -->","yoast_head_json":{"title":"Lebanon Transport - AKU\u00c7AR NAKL\u0130YAT","robots":{"index":"index","follow":"follow","max-snippet":"max-snippet:-1","max-image-preview":"max-image-preview:large","max-video-preview":"max-video-preview:-1"},"canonical":"https:\/\/www.akucarnakliyat.com\/en\/lubnan-tasimacilik\/","og_locale":"tr_TR","og_type":"article","og_title":"Lebanon Transport - AKU\u00c7AR NAKL\u0130YAT","og_description":"Ak U\u00e7ar Transport, which makes an important contribution to the import and export sector by transportation, is one of the leading companies that makes transportation [&hellip;]","og_url":"https:\/\/www.akucarnakliyat.com\/en\/lubnan-tasimacilik\/","og_site_name":"AKU\u00c7AR NAKL\u0130YAT","article_modified_time":"2022-06-13T11:37:00+00:00","twitter_card":"summary_large_image","twitter_misc":{"Tahmini okuma s\u00fcresi":"1 dakika"},"schema":{"@context":"https:\/\/schema.org","@graph":[{"@type":"WebPage","@id":"https:\/\/www.akucarnakliyat.com\/en\/lubnan-tasimacilik\/","url":"https:\/\/www.akucarnakliyat.com\/en\/lubnan-tasimacilik\/","name":"Lebanon Transport - AKU\u00c7AR NAKL\u0130YAT","isPartOf":{"@id":"https:\/\/www.akucarnakliyat.com\/en\/#website"},"datePublished":"2022-05-26T11:43:28+00:00","dateModified":"2022-06-13T11:37:00+00:00","breadcrumb":{"@id":"https:\/\/www.akucarnakliyat.com\/en\/lubnan-tasimacilik\/#breadcrumb"},"inLanguage":"tr","potentialAction":[{"@type":"ReadAction","target":["https:\/\/www.akucarnakliyat.com\/en\/lubnan-tasimacilik\/"]}]},{"@type":"BreadcrumbList","@id":"https:\/\/www.akucarnakliyat.com\/en\/lubnan-tasimacilik\/#breadcrumb","itemListElement":[{"@type":"ListItem","position":1,"name":"Anasayfa","item":"https:\/\/www.akucarnakliyat.com\/en\/"},{"@type":"ListItem","position":2,"name":"Lebanon Transport"}]},{"@type":"WebSite","@id":"https:\/\/www.akucarnakliyat.com\/en\/#website","url":"https:\/\/www.akucarnakliyat.com\/en\/","name":"AKU\u00c7AR NAKL\u0130YAT","description":"Ak U\u00e7ar Nakliyat - 1985","publisher":{"@id":"https:\/\/www.akucarnakliyat.com\/en\/#organization"},"potentialAction":[{"@type":"SearchAction","target":{"@type":"EntryPoint","urlTemplate":"https:\/\/www.akucarnakliyat.com\/en\/?s={search_term_string}"},"query-input":"required name=search_term_string"}],"inLanguage":"tr"},{"@type":"Organization","@id":"https:\/\/www.akucarnakliyat.com\/en\/#organization","name":"AKU\u00c7AR NAKL\u0130YAT","url":"https:\/\/www.akucarnakliyat.com\/en\/","sameAs":[],"logo":{"@type":"ImageObject","inLanguage":"tr","@id":"https:\/\/www.akucarnakliyat.com\/en\/#\/schema\/logo\/image\/","url":"https:\/\/www.akucarnakliyat.com\/en\/wp-content\/uploads\/2022\/06\/cropped-logo-akucar-nakliyat-white.png","contentUrl":"https:\/\/www.akucarnakliyat.com\/en\/wp-content\/uploads\/2022\/06\/cropped-logo-akucar-nakliyat-white.png","width":183,"height":58,"caption":"AKU\u00c7AR NAKL\u0130YAT"},"image":{"@id":"https:\/\/www.akucarnakliyat.com\/en\/#\/schema\/logo\/image\/"}}]}},"_links":{"self":[{"href":"https:\/\/www.akucarnakliyat.com\/en\/wp-json\/wp\/v2\/pages\/78","targetHints":{"allow":["GET"]}}],"collection":[{"href":"https:\/\/www.akucarnakliyat.com\/en\/wp-json\/wp\/v2\/pages"}],"about":[{"href":"https:\/\/www.akucarnakliyat.com\/en\/wp-json\/wp\/v2\/types\/page"}],"author":[{"embeddable":true,"href":"https:\/\/www.akucarnakliyat.com\/en\/wp-json\/wp\/v2\/users\/1"}],"replies":[{"embeddable":true,"href":"https:\/\/www.akucarnakliyat.com\/en\/wp-json\/wp\/v2\/comments?post=78"}],"version-history":[{"count":11,"href":"https:\/\/www.akucarnakliyat.com\/en\/wp-json\/wp\/v2\/pages\/78\/revisions"}],"predecessor-version":[{"id":763,"href":"https:\/\/www.akucarnakliyat.com\/en\/wp-json\/wp\/v2\/pages\/78\/revisions\/763"}],"wp:attachment":[{"href":"https:\/\/www.akucarnakliyat.com\/en\/wp-json\/wp\/v2\/media?parent=78"}],"curies":[{"name":"wp","href":"https:\/\/api.w.org\/{rel}","templated":true}]}}