{"id":68,"date":"2022-05-26T14:42:13","date_gmt":"2022-05-26T11:42:13","guid":{"rendered":"https:\/\/www.akucarnakliyat.com\/?page_id=68"},"modified":"2022-06-13T14:32:43","modified_gmt":"2022-06-13T11:32:43","slug":"biz-kimiz","status":"publish","type":"page","link":"https:\/\/www.akucarnakliyat.com\/en\/biz-kimiz\/","title":{"rendered":"Who Are We"},"content":{"rendered":"\t\t<div data-elementor-type=\"wp-page\" data-elementor-id=\"68\" class=\"elementor elementor-68\">\n\t\t\t\t\t\t\t\t\t<section class=\"elementor-section elementor-top-section elementor-element elementor-element-e151c12 elementor-section-boxed elementor-section-height-default elementor-section-height-default\" data-id=\"e151c12\" data-element_type=\"section\">\n\t\t\t\t\t\t<div class=\"elementor-container elementor-column-gap-default\">\n\t\t\t\t\t<div class=\"elementor-column elementor-col-100 elementor-top-column elementor-element elementor-element-f4ac42a\" data-id=\"f4ac42a\" data-element_type=\"column\">\n\t\t\t<div class=\"elementor-widget-wrap elementor-element-populated\">\n\t\t\t\t\t\t\t\t<div class=\"elementor-element elementor-element-a1e859d elementor-widget elementor-widget-text-editor\" data-id=\"a1e859d\" data-element_type=\"widget\" data-widget_type=\"text-editor.default\">\n\t\t\t\t<div class=\"elementor-widget-container\">\n\t\t\t<style>\/*! elementor - v3.6.6 - 08-06-2022 *\/\n.elementor-widget-text-editor.elementor-drop-cap-view-stacked .elementor-drop-cap{background-color:#818a91;color:#fff}.elementor-widget-text-editor.elementor-drop-cap-view-framed .elementor-drop-cap{color:#818a91;border:3px solid;background-color:transparent}.elementor-widget-text-editor:not(.elementor-drop-cap-view-default) .elementor-drop-cap{margin-top:8px}.elementor-widget-text-editor:not(.elementor-drop-cap-view-default) .elementor-drop-cap-letter{width:1em;height:1em}.elementor-widget-text-editor .elementor-drop-cap{float:left;text-align:center;line-height:1;font-size:50px}.elementor-widget-text-editor .elementor-drop-cap-letter{display:inline-block}<\/style>\t\t\t\t<p>Ak U\u00e7ar Transport Co.Ltd. Founded in 2004 in \u0130brahim U\u00e7ar, which is in transportation between the transportation transportation in 1985. Ak U\u00e7ar is among the leading industries in the transport sector to the Middle East today. and provides complete transportation services<\/p><p>We are in a good position with our years of experience in the sector, our expert staff and our advanced fleet. In relation to the whole sector related to the target, to experience the advantages and gains of planning, our future is to be late.<\/p>\t\t\t\t\t\t<\/div>\n\t\t\t\t<\/div>\n\t\t\t\t\t<\/div>\n\t\t<\/div>\n\t\t\t\t\t\t\t<\/div>\n\t\t<\/section>\n\t\t\t\t\t\t\t<\/div>\n\t\t","protected":false},"excerpt":{"rendered":"<p>Ak U\u00e7ar Transport Co.Ltd. Founded in 2004 in \u0130brahim U\u00e7ar, which is in transportation between the transportation transportation in 1985. Ak U\u00e7ar is among the [&hellip;]<\/p>\n","protected":false},"author":1,"featured_media":0,"parent":0,"menu_order":0,"comment_status":"closed","ping_status":"closed","template":"","meta":{"footnotes":""},"class_list":["post-68","page","type-page","status-publish","hentry"],"yoast_head":"<!-- This site is optimized with the Yoast SEO plugin v19.5.1 - https:\/\/yoast.com\/wordpress\/plugins\/seo\/ -->\n<title>Who Are We - AKU\u00c7AR NAKL\u0130YAT<\/title>\n<meta name=\"robots\" content=\"index, follow, max-snippet:-1, max-image-preview:large, max-video-preview:-1\" \/>\n<link rel=\"canonical\" href=\"https:\/\/www.akucarnakliyat.com\/en\/biz-kimiz\/\" \/>\n<meta property=\"og:locale\" content=\"tr_TR\" \/>\n<meta property=\"og:type\" content=\"article\" \/>\n<meta property=\"og:title\" content=\"Who Are We - AKU\u00c7AR NAKL\u0130YAT\" \/>\n<meta property=\"og:description\" content=\"Ak U\u00e7ar Transport Co.Ltd. Founded in 2004 in \u0130brahim U\u00e7ar, which is in transportation between the transportation transportation in 1985. Ak U\u00e7ar is among the [&hellip;]\" \/>\n<meta property=\"og:url\" content=\"https:\/\/www.akucarnakliyat.com\/en\/biz-kimiz\/\" \/>\n<meta property=\"og:site_name\" content=\"AKU\u00c7AR NAKL\u0130YAT\" \/>\n<meta property=\"article:modified_time\" content=\"2022-06-13T11:32:43+00:00\" \/>\n<meta name=\"twitter:card\" content=\"summary_large_image\" \/>\n<script type=\"application\/ld+json\" class=\"yoast-schema-graph\">{\"@context\":\"https:\/\/schema.org\",\"@graph\":[{\"@type\":\"WebPage\",\"@id\":\"https:\/\/www.akucarnakliyat.com\/en\/biz-kimiz\/\",\"url\":\"https:\/\/www.akucarnakliyat.com\/en\/biz-kimiz\/\",\"name\":\"Who Are We - AKU\u00c7AR NAKL\u0130YAT\",\"isPartOf\":{\"@id\":\"https:\/\/www.akucarnakliyat.com\/en\/#website\"},\"datePublished\":\"2022-05-26T11:42:13+00:00\",\"dateModified\":\"2022-06-13T11:32:43+00:00\",\"breadcrumb\":{\"@id\":\"https:\/\/www.akucarnakliyat.com\/en\/biz-kimiz\/#breadcrumb\"},\"inLanguage\":\"tr\",\"potentialAction\":[{\"@type\":\"ReadAction\",\"target\":[\"https:\/\/www.akucarnakliyat.com\/en\/biz-kimiz\/\"]}]},{\"@type\":\"BreadcrumbList\",\"@id\":\"https:\/\/www.akucarnakliyat.com\/en\/biz-kimiz\/#breadcrumb\",\"itemListElement\":[{\"@type\":\"ListItem\",\"position\":1,\"name\":\"Anasayfa\",\"item\":\"https:\/\/www.akucarnakliyat.com\/en\/\"},{\"@type\":\"ListItem\",\"position\":2,\"name\":\"Who Are We\"}]},{\"@type\":\"WebSite\",\"@id\":\"https:\/\/www.akucarnakliyat.com\/en\/#website\",\"url\":\"https:\/\/www.akucarnakliyat.com\/en\/\",\"name\":\"AKU\u00c7AR NAKL\u0130YAT\",\"description\":\"Ak U\u00e7ar Nakliyat - 1985\",\"publisher\":{\"@id\":\"https:\/\/www.akucarnakliyat.com\/en\/#organization\"},\"potentialAction\":[{\"@type\":\"SearchAction\",\"target\":{\"@type\":\"EntryPoint\",\"urlTemplate\":\"https:\/\/www.akucarnakliyat.com\/en\/?s={search_term_string}\"},\"query-input\":\"required name=search_term_string\"}],\"inLanguage\":\"tr\"},{\"@type\":\"Organization\",\"@id\":\"https:\/\/www.akucarnakliyat.com\/en\/#organization\",\"name\":\"AKU\u00c7AR NAKL\u0130YAT\",\"url\":\"https:\/\/www.akucarnakliyat.com\/en\/\",\"sameAs\":[],\"logo\":{\"@type\":\"ImageObject\",\"inLanguage\":\"tr\",\"@id\":\"https:\/\/www.akucarnakliyat.com\/en\/#\/schema\/logo\/image\/\",\"url\":\"https:\/\/www.akucarnakliyat.com\/en\/wp-content\/uploads\/2022\/06\/cropped-logo-akucar-nakliyat-white.png\",\"contentUrl\":\"https:\/\/www.akucarnakliyat.com\/en\/wp-content\/uploads\/2022\/06\/cropped-logo-akucar-nakliyat-white.png\",\"width\":183,\"height\":58,\"caption\":\"AKU\u00c7AR NAKL\u0130YAT\"},\"image\":{\"@id\":\"https:\/\/www.akucarnakliyat.com\/en\/#\/schema\/logo\/image\/\"}}]}<\/script>\n<!-- \/ Yoast SEO plugin. -->","yoast_head_json":{"title":"Who Are We - AKU\u00c7AR NAKL\u0130YAT","robots":{"index":"index","follow":"follow","max-snippet":"max-snippet:-1","max-image-preview":"max-image-preview:large","max-video-preview":"max-video-preview:-1"},"canonical":"https:\/\/www.akucarnakliyat.com\/en\/biz-kimiz\/","og_locale":"tr_TR","og_type":"article","og_title":"Who Are We - AKU\u00c7AR NAKL\u0130YAT","og_description":"Ak U\u00e7ar Transport Co.Ltd. Founded in 2004 in \u0130brahim U\u00e7ar, which is in transportation between the transportation transportation in 1985. Ak U\u00e7ar is among the [&hellip;]","og_url":"https:\/\/www.akucarnakliyat.com\/en\/biz-kimiz\/","og_site_name":"AKU\u00c7AR NAKL\u0130YAT","article_modified_time":"2022-06-13T11:32:43+00:00","twitter_card":"summary_large_image","schema":{"@context":"https:\/\/schema.org","@graph":[{"@type":"WebPage","@id":"https:\/\/www.akucarnakliyat.com\/en\/biz-kimiz\/","url":"https:\/\/www.akucarnakliyat.com\/en\/biz-kimiz\/","name":"Who Are We - AKU\u00c7AR NAKL\u0130YAT","isPartOf":{"@id":"https:\/\/www.akucarnakliyat.com\/en\/#website"},"datePublished":"2022-05-26T11:42:13+00:00","dateModified":"2022-06-13T11:32:43+00:00","breadcrumb":{"@id":"https:\/\/www.akucarnakliyat.com\/en\/biz-kimiz\/#breadcrumb"},"inLanguage":"tr","potentialAction":[{"@type":"ReadAction","target":["https:\/\/www.akucarnakliyat.com\/en\/biz-kimiz\/"]}]},{"@type":"BreadcrumbList","@id":"https:\/\/www.akucarnakliyat.com\/en\/biz-kimiz\/#breadcrumb","itemListElement":[{"@type":"ListItem","position":1,"name":"Anasayfa","item":"https:\/\/www.akucarnakliyat.com\/en\/"},{"@type":"ListItem","position":2,"name":"Who Are We"}]},{"@type":"WebSite","@id":"https:\/\/www.akucarnakliyat.com\/en\/#website","url":"https:\/\/www.akucarnakliyat.com\/en\/","name":"AKU\u00c7AR NAKL\u0130YAT","description":"Ak U\u00e7ar Nakliyat - 1985","publisher":{"@id":"https:\/\/www.akucarnakliyat.com\/en\/#organization"},"potentialAction":[{"@type":"SearchAction","target":{"@type":"EntryPoint","urlTemplate":"https:\/\/www.akucarnakliyat.com\/en\/?s={search_term_string}"},"query-input":"required name=search_term_string"}],"inLanguage":"tr"},{"@type":"Organization","@id":"https:\/\/www.akucarnakliyat.com\/en\/#organization","name":"AKU\u00c7AR NAKL\u0130YAT","url":"https:\/\/www.akucarnakliyat.com\/en\/","sameAs":[],"logo":{"@type":"ImageObject","inLanguage":"tr","@id":"https:\/\/www.akucarnakliyat.com\/en\/#\/schema\/logo\/image\/","url":"https:\/\/www.akucarnakliyat.com\/en\/wp-content\/uploads\/2022\/06\/cropped-logo-akucar-nakliyat-white.png","contentUrl":"https:\/\/www.akucarnakliyat.com\/en\/wp-content\/uploads\/2022\/06\/cropped-logo-akucar-nakliyat-white.png","width":183,"height":58,"caption":"AKU\u00c7AR NAKL\u0130YAT"},"image":{"@id":"https:\/\/www.akucarnakliyat.com\/en\/#\/schema\/logo\/image\/"}}]}},"_links":{"self":[{"href":"https:\/\/www.akucarnakliyat.com\/en\/wp-json\/wp\/v2\/pages\/68","targetHints":{"allow":["GET"]}}],"collection":[{"href":"https:\/\/www.akucarnakliyat.com\/en\/wp-json\/wp\/v2\/pages"}],"about":[{"href":"https:\/\/www.akucarnakliyat.com\/en\/wp-json\/wp\/v2\/types\/page"}],"author":[{"embeddable":true,"href":"https:\/\/www.akucarnakliyat.com\/en\/wp-json\/wp\/v2\/users\/1"}],"replies":[{"embeddable":true,"href":"https:\/\/www.akucarnakliyat.com\/en\/wp-json\/wp\/v2\/comments?post=68"}],"version-history":[{"count":11,"href":"https:\/\/www.akucarnakliyat.com\/en\/wp-json\/wp\/v2\/pages\/68\/revisions"}],"predecessor-version":[{"id":758,"href":"https:\/\/www.akucarnakliyat.com\/en\/wp-json\/wp\/v2\/pages\/68\/revisions\/758"}],"wp:attachment":[{"href":"https:\/\/www.akucarnakliyat.com\/en\/wp-json\/wp\/v2\/media?parent=68"}],"curies":[{"name":"wp","href":"https:\/\/api.w.org\/{rel}","templated":true}]}}